{"id":5054,"date":"2017-05-17T10:04:12","date_gmt":"2017-05-17T08:04:12","guid":{"rendered":"http:\/\/www.agriturismotenutapolledro.it\/asti-e-lastigiano\/"},"modified":"2017-05-30T10:19:21","modified_gmt":"2017-05-30T08:19:21","slug":"asti-und-seine-umgebung-das-astigiano","status":"publish","type":"page","link":"https:\/\/www.agriturismotenutapolledro.it\/de\/asti-und-seine-umgebung-das-astigiano\/","title":{"rendered":"Asti und Piemont"},"content":{"rendered":"<p><strong>\u00ab<\/strong>\u00a0&#8230; und Asti, vormals republikanisch, stolz auf Gotenabwehr,<br \/>\nauf Barbarossas Z\u00fcrnen, gab, vom rauschenden Strom begleitet, Dir, Piemont,<br \/>\ndie neuen Ges\u00e4nge deines Sohnes Alfieri.\u00a0<strong>\u00bb<\/strong><\/p>\n<p>(aus <em>Piemont<\/em>, <a href=\"http:\/\/it.wikipedia.org\/wiki\/Giosu%C3%A8_Carducci\" target=\"_blank\">Giosu\u00e8 Carducci<\/a>)<\/p>\n<p style=\"text-align: justify;\"><strong>Asti<\/strong> (<em>Ast<\/em> auf <a href=\"http:\/\/it.wikipedia.org\/wiki\/Lingua_piemontese\" target=\"_blank\">piemontesisch<\/a>) liegt im <a href=\"http:\/\/it.wikipedia.org\/wiki\/Piemonte\" target=\"_blank\">Piemont<\/a> und ist mit 75.910 Einwohnern die Hauptstadt der <a href=\"http:\/\/it.wikipedia.org\/wiki\/Provincia_di_Asti\" target=\"_blank\">Provinz Asti<\/a>.<br \/>\nDas r\u00f6mische <em>&#8222;Municipium&#8220;<\/em>, bekannt unter dem Namen <a href=\"http:\/\/it.wikipedia.org\/wiki\/Hasta_%28citt%C3%A0_romana%29\" target=\"_blank\">Hasta Pompeia<\/a> oder einfach <em>Hasta<\/em>, war Sitz des <a href=\"http:\/\/it.wikipedia.org\/wiki\/Ducato_di_Asti\" target=\"_blank\">Herzogtums von Asti<\/a> und <a href=\"http:\/\/it.wikipedia.org\/wiki\/Ducato_longobardo\" target=\"_blank\">langobardischen Herzogtums<\/a> von <a href=\"http:\/\/it.wikipedia.org\/wiki\/Neustria_%28Longobardi%29\" target=\"_blank\">Neustria<\/a>. Einst freie Stadt im Mittelalter mit dem Recht &#8222;M\u00fcnzen zu pr\u00e4gen&#8220;, wurde es zwischen dem <a href=\"http:\/\/it.wikipedia.org\/wiki\/XII_secolo\" target=\"_blank\">XII<\/a>. und <a href=\"http:\/\/it.wikipedia.org\/wiki\/XIII_secolo\" target=\"_blank\">XIII. Jhr.<\/a> zu einem der wichtigsten Handelszentren, dessen H\u00e4ndler das Kommerz- und Kreditwesen in ganz <a href=\"http:\/\/it.wikipedia.org\/wiki\/Europa\" target=\"_blank\">Europa<\/a> zur Entfaltung brachten. Weltbekannt ist Asti wegen seiner Weine, allem voran steht der <a href=\"http:\/\/it.wikipedia.org\/wiki\/Asti_o_Asti_spumante\" target=\"_blank\">Asti spumante<\/a>, und jedes Jahr im September wird einer der bedeutendsten \u00f6nologischen Wettbewerbe in <a href=\"http:\/\/it.wikipedia.org\/wiki\/Italia\" target=\"_blank\">Italien<\/a>, die sog. <a href=\"http:\/\/it.wikipedia.org\/wiki\/Douja_d%27Or\" target=\"_blank\">Douja d&#8217;Or<\/a> abgehalten. Ber\u00fchmt ist auch der <a href=\"http:\/\/it.wikipedia.org\/wiki\/Palio_di_Asti\" target=\"_blank\">historische Palio<\/a>, eine der \u00e4ltesten Veranstaltungen Italiens, die im September stattfindet und in einem Wettrennen auf ungesattelt gerittenen Pferden gipfelt. An beachtlicher Relevanz hat auch in den letzten Jahren das <a href=\"http:\/\/it.wikipedia.org\/wiki\/Festival_delle_sagre_astigiane\" target=\"_blank\">Festival delle sagre astigiane<\/a>, gewonnen &#8211; eine \u00f6nogastronomische Veranstaltung, die in der vorhergehenden Woche des Palio in Asti abgehalten wird und in einem gigantischen Freiluft-Restaurant mit \u00fcber 40 Pro-Loco-Ortsvereinen aus der <a href=\"http:\/\/it.wikipedia.org\/wiki\/Provincia_di_Asti\" target=\"_blank\">Provinz Asti<\/a> deren gastronomische Spezialit\u00e4ten in Begleitung von <a href=\"http:\/\/it.wikipedia.org\/wiki\/DOCG\" target=\"_blank\">DOCG-Weinen<\/a> <a href=\"http:\/\/it.wikipedia.org\/w\/index.php?title=Astigiani&amp;action=edit&amp;redlink=1\" target=\"_blank\">des Astigiano<\/a> zur Verkostung bietet. Ein Reiseziel, das nunmehr tausende und abertausende Menschen aus ganz Italien j\u00e4hrlich anzieht.<br \/>\nZwischen der Langhe und den H\u00fcgeln des Po, im Herzen des Monferrato und entlang des Flusses Tanaro gelegen, wird die Provinz Asti, \u00fcbrigens die kleinste Provinz des Piemont, oft wegen ihrer geographischen Silhouette als Weintraube dargestellt, und in der Tat, sie erinnert an dieses Bild. Und gerade im Rebstock liegt die haupts\u00e4chliche Einnahmequelle des Astigiano und seine unbestrittene Pr\u00e4eminenz in der nationalen \u00d6nologie. Es\u00a0ist ein Wechselspiel aus Weinbergen, Wiesen und W\u00e4ldern, T\u00e4lern und H\u00fcgeln, auf denen sich hier und da charakteristische Ortschaften und Burgen erheben. Die sanfte und romantische <a href=\"http:\/\/adv.edintorni.net\/click\/?mo=T&amp;ky=paesaggio&amp;af=3141&amp;ct=it&amp;rf=http%3A%2F%2Fwww%2Evacanzeitinerari%2Eit%2Fschede%2Fil%5Fterritorio%5Fastigiano%5Fsc%5F310%2Ehtm&amp;re=&amp;ts=1273658209843&amp;hs=9485ec1ef286e2582c11bd37ab6dc2a2\" target=\"_blank\">Landschaft<\/a> des Monferrato und die schrofferen Ausl\u00e4ufer der Langhe ziehen sich weit in das Tanaro-Tal mit seinen gedeihenden Blumen- und Gem\u00fcseg\u00e4rten hinab. Ein geographisches Umfeld, das die flei\u00dfige Seele und den eigensinnigen Kopf seiner Menschen aufzeigt. Mit nur einer gro\u00dfen Stadt (der Provinzstadt) und 120 Gemeinden, deren H\u00e4lfte nicht einmal \u00fcber 500 Einwohner z\u00e4hlt, ist das Astigiano vielschichtig und komplex: Der Norden um Castelnuovo Don Bosco \u2013 einer Ortschaft, die Geburtsst\u00e4tte des Begr\u00fcnders des Salesianer Ordens und anderer Seliger war &#8211; der hinsichtlich der Gewohnheiten wie Traditionen stets unter Turiner Einfluss stand; die Gegend um Villanova &#8211; ein Gebiet von beachtlicher industrieller Expansion und kompetitiver Agrarfl\u00e4che; das Monferrato, das den \u201aaleramischen\u2018 Ort Moncalvo kr\u00f6nt; Canelli &#8211; internationaler \u00f6nologischer Pol und K\u00f6nigin des Asti Spumante; die Langhe mit ihren reizenden Orten Bubbio, Monastero Bormida sowie den h\u00f6chsten Ausl\u00e4ufern San Giorgio Scarampi und Roccaverano, die zwischen Weiden und Mergelgestein bereits wie <a href=\"http:\/\/adv.edintorni.net\/click\/?mo=T&amp;ky=montagna&amp;af=3141&amp;ct=it&amp;rf=http%3A%2F%2Fwww%2Evacanzeitinerari%2Eit%2Fschede%2Fil%5Fterritorio%5Fastigiano%5Fsc%5F310%2Ehtm&amp;re=&amp;ts=1273658209843&amp;hs=33b115bbd9e08ff58335c36417f48b95\" target=\"_blank\">Gebirge<\/a> anmuten. Und im Herzen des Territoriums &#8211; Asti mit seiner jahrtausendealten Geschichte und menschgerechten Altstadt.<\/p>\n<div class=\"clear\"><\/div><div class=\"gdlr-space\" style=\"margin-top: 40px;\"><\/div>\n<div class=\"gdlr-shortcode-wrapper\"><div class=\"clear\"><\/div><div class=\"gdlr-item gdlr-divider-item\"  ><div class=\"gdlr-divider thick\" ><\/div><\/div><\/div>\n<div class=\"clear\"><\/div><div class=\"gdlr-space\" style=\"margin-top: -20px;\"><\/div>\n<p style=\"text-align: justify;\"><strong>DER \u201ePALIO DI ASTI\u201c (PALIO VON ASTI):<\/strong> Der Palio, das gro\u00dfe <strong>Siegesbanner aus Samt<\/strong> mit den Wahrzeichen von Asti und der Darstellung des Schutzheiligen San Secondo ist der &#8222;Traum&#8220;, dem gut einundzwanzig Konkurrenten entgegenstreben. Doch mit &#8222;Palio&#8220;ist das leidenschaftliche und beinahe feindselige <strong>Pferderennen<\/strong> gemeint, das im September die Gem\u00fcter der Astigiani erhitzt.<br \/>\nSchon im Jahre 1275 lief man das Palio in Asti anl\u00e4sslich der festlichen Huldigung des Schutzpatronen.<br \/>\nSieben Pferde am Startseil pro Durchlauf, neun im Finale und tausende Bewohner der einzelnen Stadtviertel, die allesamt an das Wunder des Sieges glauben. Die Freude des <strong>Gewinners<\/strong> ist \u00fcberw\u00e4ltigend. Im Nu vergisst das gesamte Stadtviertel die M\u00fchen und Strapazen eines Jahres: Die Arbeit, die das Kreieren und Schneidern der wertvollen historischen Kost\u00fcme f\u00fcr den Umzug mit sich bringt, die Hektik beim Organisieren der Feste und der riesigen Tafeln des vers\u00f6hnenden Abendessens am Vorabend, der Eifer, Fahnen und Standarten aufzustellen. All diese M\u00fchen werden durch ein &#8222;unglaubliches&#8220; karmesinrotes Siegesbanner, das der Rennleiter in den H\u00e4nden h\u00e4lt, wiedergutgemacht: der Palio\u2026 Gr\u00f6\u00dfte Faszination \u00fcbt auf den Besucher des Palio der <strong>historische Umzug <\/strong>aus, der mit \u00fcber eintausendzweihundert Teilnehmern in mittelalterlichen Kost\u00fcmen dem Rennen vorangeht.<br \/>\nDie Nachstellung mit historischer Genauigkeit, die Kostbarkeit der Kost\u00fcme und die Meisterhaftigkeit der Schneiderstuben des Stadtviertels in der getreuen Reproduktion der Schnitte aller Kleidungsst\u00fccke, die sie sich von altert\u00fcmlichen Fresken und Gem\u00e4lden abschauen, machen den Umzug zu einem wahrlich einzigartigen Spektakel.<br \/>\nDie lebenden Bilder der Parade stellen wahre Begebenheiten aus der Geschichte von Asti dar: So halten Adlige und das einfache Volk, Knappen und hohe Geistliche, Damen und Ritter einen Tag lang Einzug in die Stadt, um das t\u00e4gliche Leben vor mehr als sieben Jahrhunderten bildreich nachzuerz\u00e4hlen.<\/p>\n<p style=\"text-align: justify;\"><strong>DAS \u201eFESTIVAL DELLE SAGRE\u201c (FESTIVAL DER KIRMESFESTE)<\/strong>: Nichts wie der Wein steht f\u00fcr Asti und seine Provinz in der Welt. Um diesen universellen Botschafter die Ehrerbietung zu erweisen, wird an jedem zweiten Sonntag im September, und das bereits seit 36 Jahren, im Zeichen der Douja d&#8217;Or das Festival delle Sagre, ein gro\u00dfes Volksfest gefeiert, das die Bezeichnung der \u201egetreuesten Darstellung des b\u00e4uerlichen Lebens&#8220; fand. \u00dcber 40 Pro-Loco-Ortsvereine aus der Provinz Asti bieten ihre gastronomischen Spezialit\u00e4ten zu DOC-Weinen der Region an, und serviert wird unter freiem Himmel in klassischen Osteria-Weingl\u00e4sern sowie auf Papptellern und dazu gibt es biologisch abbaubares Besteck \u2013 Symbole der Vergangenheit, die zugleich auf die Zeichen der Zukunft treffen. Dieses Bild, vervollst\u00e4ndigt durch Sonnenschirme und bunte Tischdecken, die zusammen mit den kleinen H\u00fctten aller Pro-Loco den Platze schm\u00fccken, verleiht jenes Qu\u00e4ntchen an Heiterkeit und Fr\u00f6hlichkeit, die das Festival delle Sagre zu einem erinnerungsw\u00fcrdigen Tag machen. All dies beginnt jedoch erst nach einem faszinierenden Umzug, der sich durch die Stra\u00dfen der Stadt schl\u00e4ngelt und mehr als dreitausend Teilnehmer z\u00e4hlt, die in authentischen Kleidern aus vergangenen Zeiten auf von Traktoren gezogenen Karren jene alten Handwerke darstellen, die f\u00fcr die Werte und Traditionen auf diesem herrlichen Fleckchen Erde stehen.<br \/>\nDie Parade gilt als ein Muss f\u00fcr all diejenigen, die jedes Jahr den Genuss der einfachen Dinge aus alten Zeiten der Bauern vom Lande suchen, die jene fest mit diesen H\u00fcgeln verwurzelten Gebr\u00e4uche am Leben erhalten.<\/p>\n<p style=\"text-align: justify;\"><strong>DIE \u201eDOUJA D\u2019OR\u201c<\/strong>: Das Astigiano ist einer der wenigen wahren Landstriche des Italienischen Weines. Nicht von ungef\u00e4hr richtet Asti seit \u00fcber drei\u00dfig Jahren die &#8222;Douja d&#8217;Or&#8220; aus, die unter organisatorischer Leitung der Handelskammer Asti als eines der bekanntesten und akkreditierten Weinfeste der Halbinsel gilt.<br \/>\n\u201eDouja\u201c ist der dialektale Begriff f\u00fcr einen alten, bauchigen Weinkrug des Piemont. Dem eben abgeleitet &#8211; &#8222;Douja d&#8217;Or&#8220; (der Goldene Weinkrug) &#8211; einer der renommiertesten \u00f6nologischen Wettbewerbe auf nationaler Ebene, der in der Stadt w\u00e4hrend des Septembermonats stattfindet.<\/p>\n<p style=\"text-align: justify;\"><strong>\u201eL\u2019ASSEDIO DI CANELLI\u201c (DIE BELAGERUNG VON CANELLI):<\/strong> Ein historisches Fest in Gedenken an die Belagerung der Stadt Canelli durch die Truppen von Carlo Gonzaga, Herzog von Nevers, im Jahre 1613 w\u00e4hrend der Erbfolgekriege des Markgrafentums Monferrato.<br \/>\nSamstag, am fr\u00fchen Nachmittag, der Beginn: Die Stadt wird abgeriegelt, Botteghen, Osterien \u00f6ffnen Ihre T\u00fcren und \u00fcber 4000 Schausteller hauchen dem Gedenkfest Leben ein.<br \/>\nAm Abend bieten die Osterien Speisen an, deren Zubereitung ganz genau nach alter Rezeptur erfolgt.<br \/>\nAm Sonntag st\u00fcrmen die Belagerer die Stadt, werden jedoch von den B\u00fcrgern von Canelli zur\u00fcckgeschlagen.<br \/>\nDaraufhin folgt die Siegesfeier mit Ges\u00e4ngen und Tanz.<br \/>\nDie Veranstaltung findet am dritten Juniwochenende in der Stadt Canelli statt.<\/p>\n","protected":false},"excerpt":{"rendered":"<p>\u00ab\u00a0&#8230; und Asti, vormals republikanisch, stolz auf Gotenabwehr, auf Barbarossas Z\u00fcrnen, gab, vom rauschenden Strom begleitet, Dir, Piemont, die neuen Ges\u00e4nge deines Sohnes Alfieri.\u00a0\u00bb (aus Piemont, Giosu\u00e8 Carducci) Asti (Ast auf piemontesisch) liegt im Piemont und ist mit 75.910 Einwohnern die Hauptstadt der Provinz Asti. Das r\u00f6mische &#8222;Municipium&#8220;, bekannt unter dem Namen Hasta Pompeia oder&#8230; <\/p>\n<div class=\"clear\"><\/div>\n<p><a href=\"https:\/\/www.agriturismotenutapolledro.it\/de\/asti-und-seine-umgebung-das-astigiano\/\" class=\"excerpt-read-more\">Continue Reading<i class=\"fa fa-long-arrow-right icon-long-arrow-right\"><\/i><\/a><\/p>\n","protected":false},"author":1,"featured_media":0,"parent":0,"menu_order":0,"comment_status":"closed","ping_status":"closed","template":"","meta":[],"_links":{"self":[{"href":"https:\/\/www.agriturismotenutapolledro.it\/de\/wp-json\/wp\/v2\/pages\/5054"}],"collection":[{"href":"https:\/\/www.agriturismotenutapolledro.it\/de\/wp-json\/wp\/v2\/pages"}],"about":[{"href":"https:\/\/www.agriturismotenutapolledro.it\/de\/wp-json\/wp\/v2\/types\/page"}],"author":[{"embeddable":true,"href":"https:\/\/www.agriturismotenutapolledro.it\/de\/wp-json\/wp\/v2\/users\/1"}],"replies":[{"embeddable":true,"href":"https:\/\/www.agriturismotenutapolledro.it\/de\/wp-json\/wp\/v2\/comments?post=5054"}],"version-history":[{"count":6,"href":"https:\/\/www.agriturismotenutapolledro.it\/de\/wp-json\/wp\/v2\/pages\/5054\/revisions"}],"predecessor-version":[{"id":5293,"href":"https:\/\/www.agriturismotenutapolledro.it\/de\/wp-json\/wp\/v2\/pages\/5054\/revisions\/5293"}],"wp:attachment":[{"href":"https:\/\/www.agriturismotenutapolledro.it\/de\/wp-json\/wp\/v2\/media?parent=5054"}],"curies":[{"name":"wp","href":"https:\/\/api.w.org\/{rel}","templated":true}]}}