{"id":5182,"date":"2017-05-17T10:00:23","date_gmt":"2017-05-17T08:00:23","guid":{"rendered":"http:\/\/www.agriturismotenutapolledro.it\/sapori-e-vini-del-piemonte\/"},"modified":"2017-05-29T11:07:50","modified_gmt":"2017-05-29T09:07:50","slug":"gastronomie-und-weine-des-piemont","status":"publish","type":"page","link":"https:\/\/www.agriturismotenutapolledro.it\/de\/gastronomie-und-weine-des-piemont\/","title":{"rendered":"Gastronomie und Weine"},"content":{"rendered":"<p style=\"text-align: justify;\">Eine Reise in die Provinz Asti l\u00e4sst den Reisenden mit Begeisterung in aufregende Gen\u00fcsse und D\u00fcfte tief eintauchen. Die Weine der Gegend ver\u00e4ndern sich wie die hiesige Landschaft, von einem H\u00fcgel zum anderen, von einem Hang zum gegen\u00fcberliegenden und halten bei einem Weinberg- und Winzerbesuch stets \u00dcberraschungen bereit.<\/p>\n<p style=\"text-align: justify;\">Seit jeher geh\u00f6rt der Wein zur Kultur und Tradition von Asti und deren Provinz. So wurde dem etwa im V. Jhr. v. Chr. von den Griechen eingef\u00fchrten Weinbau sp\u00e4ter durch die R\u00f6mer gro\u00dfe Bedeutung beigemessen. Nach einer Zeit der Entv\u00f6lkerung auf dem Lande und der daraus folgenden landwirtschaftlichen Verarmung kam es wieder zu einem Aufleben des Weinbaus mit der Durchsetzung der bisch\u00f6flichen Macht sowie Entstehung von Pfarrkirchen und Abteien, unter deren Obhut die Weinberge wieder aufbl\u00fchten, wobei die Ranktechnik am Spalier zugunsten der Pfahlrebe vernachl\u00e4ssigt wurde. Im Feudalzeitalter nahm die Rebe ca. 10% des Anbaugebietes der Region ein und kam im XVI. Jhr. auf 18% sowie Mitte des XIX. Jhr. auf 30%. Gegenw\u00e4rtig stammen 55-60% der piemontesischen Weinherstellung aus dem Monferrato und der Langhe.<br \/>\nDas Anbaugebiet um Asti z\u00e4hlt 14 anerkannte D.O.C.-Weine (D.O.C. &#8211; Bezeichnungen f\u00fcr herkunftskontrollierten Qualit\u00e4tswein) und D.O.C.G.-Weine (D.O.C.G. &#8211; Bezeichnung f\u00fcr Qualit\u00e4tswein bestimmter Anbaugebiete mit kontrolliertem und garantierten Ursprung): Asti Spumante, Barbera d&#8217;Asti\/ del Monferrato, Brachetto d&#8217;Acqui, Cortese dell&#8217;Alto Monferrato, Dolcetto d&#8217;Alba\/ d&#8217;Asti, Freisa d&#8217;Asti, Grignolino d&#8217;Asti, Malvasia di Casorzo\/ di Castelnuovo Don Bosco, Moscato d&#8217;Asti und Ruche&#8216; di Castagnole Monferrato.<br \/>\nDie piemontesische K\u00fcche vereint die Schlichtheit des Alltags mit den Galanterien der guten K\u00fcche.<br \/>\nUnter den Vorspeisen ist der \u201aFritto misto alla Piemontese\u2018 (gemischtes Frittiertes nach Piemontesischer Art), doch allem voran die Bagna Ca\u00f4da, ein Dip aus gekochtem und rohem Gem\u00fcse in einer hei\u00dfen Knoblauch-Sardellen-\u00d6l-Sauce, zu erw\u00e4hnen.<br \/>\nZu den Pasta- und Reisgerichten geh\u00f6ren Agnolotti (gef\u00fcllte Teigtaschen), Risotti, Gem\u00fcseeint\u00f6pfe und &#8222;Tajarin&#8220;, d.h. hausgemachte, frische Bandnudeln aus Eierteig.<br \/>\nK\u00f6nige der Hauptspeisen sind \u2018Bollito misto\u2019 (eine besonders in Moncalvo ausgezeichnet schmeckende gemischte Kochfleischplatte) und mit exklusiven Weinen \u201egew\u00fcrzte\u201c Wildbret- und Fleischgerichte.<br \/>\nDie bekanntesten K\u00e4sesorten sind Robiole aus Cocconato und Roccaverano, sowie T\u00f4me und Ricotte.<br \/>\nZu den Desserts geh\u00f6ren der &#8222;Bunet&#8220; (ein k\u00f6stlicher Amaretti-Kakao-Flan), die Torta Monferrina, gef\u00fcllte Pfirsichh\u00e4lften, Kleingeb\u00e4cke (Amaretti di Mombaruzzo, Finocchini di Refrancore, Canestrelli di Cinaglio, Astigiani al Rhum).<\/p>\n<p style=\"text-align: justify;\">Besondere Aufmerksamkeit verdient der wei\u00dfe Tr\u00fcffel (ein unterirdisch wachsender, stark duftender, wohlschmeckender und &#8211; scheinbar \u2013 mit aphrodisierenden Kr\u00e4ften ausgestatteter Pilz), der sich, hauchd\u00fcnn gehobelt, auf Ei an Butter, K\u00e4sefondue, Risotti und Kalbstatar anbietet.<\/p>\n","protected":false},"excerpt":{"rendered":"<p>Eine Reise in die Provinz Asti l\u00e4sst den Reisenden mit Begeisterung in aufregende Gen\u00fcsse und D\u00fcfte tief eintauchen. Die Weine der Gegend ver\u00e4ndern sich wie die hiesige Landschaft, von einem H\u00fcgel zum anderen, von einem Hang zum gegen\u00fcberliegenden und halten bei einem Weinberg- und Winzerbesuch stets \u00dcberraschungen bereit. Seit jeher geh\u00f6rt der Wein zur Kultur&#8230; <\/p>\n<div class=\"clear\"><\/div>\n<p><a href=\"https:\/\/www.agriturismotenutapolledro.it\/de\/gastronomie-und-weine-des-piemont\/\" class=\"excerpt-read-more\">Continue Reading<i class=\"fa fa-long-arrow-right icon-long-arrow-right\"><\/i><\/a><\/p>\n","protected":false},"author":1,"featured_media":0,"parent":0,"menu_order":0,"comment_status":"closed","ping_status":"closed","template":"","meta":[],"_links":{"self":[{"href":"https:\/\/www.agriturismotenutapolledro.it\/de\/wp-json\/wp\/v2\/pages\/5182"}],"collection":[{"href":"https:\/\/www.agriturismotenutapolledro.it\/de\/wp-json\/wp\/v2\/pages"}],"about":[{"href":"https:\/\/www.agriturismotenutapolledro.it\/de\/wp-json\/wp\/v2\/types\/page"}],"author":[{"embeddable":true,"href":"https:\/\/www.agriturismotenutapolledro.it\/de\/wp-json\/wp\/v2\/users\/1"}],"replies":[{"embeddable":true,"href":"https:\/\/www.agriturismotenutapolledro.it\/de\/wp-json\/wp\/v2\/comments?post=5182"}],"version-history":[{"count":3,"href":"https:\/\/www.agriturismotenutapolledro.it\/de\/wp-json\/wp\/v2\/pages\/5182\/revisions"}],"predecessor-version":[{"id":5260,"href":"https:\/\/www.agriturismotenutapolledro.it\/de\/wp-json\/wp\/v2\/pages\/5182\/revisions\/5260"}],"wp:attachment":[{"href":"https:\/\/www.agriturismotenutapolledro.it\/de\/wp-json\/wp\/v2\/media?parent=5182"}],"curies":[{"name":"wp","href":"https:\/\/api.w.org\/{rel}","templated":true}]}}