{"id":5184,"date":"2017-05-17T10:13:28","date_gmt":"2017-05-17T08:13:28","guid":{"rendered":"http:\/\/www.agriturismotenutapolledro.it\/servizi-dellagriturismo-e-offerta-turistica\/"},"modified":"2017-05-29T11:14:36","modified_gmt":"2017-05-29T09:14:36","slug":"serviceleistungen-des-agritourismus","status":"publish","type":"page","link":"https:\/\/www.agriturismotenutapolledro.it\/de\/serviceleistungen-des-agritourismus\/","title":{"rendered":"Serviceleistungen des Agritourismus"},"content":{"rendered":"<p style=\"text-align: justify;\">Golfclub \u201cIl Feudo\u201d: Der Golfliebhaber wird erfreut sein, zu h\u00f6ren, dass sich die Tenuta Polledro weniger als einen Km von dem bekannten Golfclub \u201cIl Feudo\u201d, einer der bedeutendsten Golfanlagen in Norditalien, entfernt befindet.<\/p>\n<p>Das Feudo Asti Golf Club bietet spezielle Preise f\u00fcr unsere G\u00e4ste:<\/p>\n<p>\u2022 Green Fee 18 L\u00f6cher werktags \u20ac 36,00 (offiziellen Kurs \u20ac 45,00)<br \/>\n\u2022 Sommer Green Fee 18 L\u00f6cher \u20ac 56,00 (offiziellen Kurs \u20ac 70,00)<br \/>\n\u2022 Junior Greenfee-Erm\u00e4\u00dfigung &#8222;unter 18&#8220; auf der Club-offiziellen Kurs -50%<br \/>\n\u2022 Green Fee frei f\u00fcr den Pr\u00e4sidenten der Clubs, Pro und Kapit\u00e4ne<\/p>\n<p>http:\/\/www.golffeudoasti.it\/<\/p>\n<p style=\"text-align: justify;\">Golfclub \u201cCitt\u00e0 di Asti\u201d: Dieser Club gilt als wertige Alternative f\u00fcr alle Golfspieler, die mit dem Hintergrund der Erholung einen geringeren technischen Schwierigkeitsgrad suchen.<br \/>\nhttp:\/\/www.golfasti.it<\/p>\n<p style=\"text-align: justify;\">Die Stadt Asti:<br \/>\nAlte T\u00fcrme, Kirchen, Pal\u00e4ste des 18.Jhr. und der st\u00e4dtebauliche Grundriss der Altstadt, in der die antike sternf\u00f6rmige Anordnung erhalten blieb, erz\u00e4hlen von der tausendj\u00e4hrigen Geschichte Asti\u2018s.<br \/>\nDie gestutzten T\u00fcrme f\u00fcgen sich in Pal\u00e4ste sp\u00e4terer Epochen ein, die mit schlichteren Wohn- und Wehranlagen im Wechsel stehen, welche zwar schlichter und anspruchloser sind, aber dem Viertel eine einheitliche Kulisse verleihen.<br \/>\nAsti ist eine geheimnisvolle Stadt, die es mit ihren unterirdischen monumentalen Kostbarkeiten zu entdecken gilt, so wie die Krypta von S. Anastasio und Backsteinbauten, die auf Kirchen wie die Kathedrale zeigen.<br \/>\nEinfach sehens- und entdeckenswert ist Asti mit seinen engen Gassen, die Pl\u00e4tzen m\u00fcnden, auf denen man sich trifft, um beisammen zu sein, zu plauschen, ins Theater zu gehen, Musik zu h\u00f6ren oder einfach nur, um die Atmosph\u00e4re der &#8211; wie Paolo Conte sie in seinen Liedern so treffend interpretiert -ein wenig nostalgischen und zur\u00fcckhaltenden Stadt in sich aufzunehmen.<br \/>\nIhre mittelalterliche Tradition zeigt sich j\u00e4hrlich am dritten Septembersonntag bei einem historischen Umzug mit \u00fcber tausend Teilnehmern und dem Pferderennen des Palio, das auf dem Piazza Alfieri unter feurigen Rufen gelaufen wird.<br \/>\nNehmen Sie sich Zeit f\u00fcr einen Spaziergang im historischen Herzen der Stadt.<\/p>\n<p style=\"text-align: justify;\">Fahrradtourismus in der Provinz Asti: Die H\u00fcgel des \u201aAlto Astigiano\u2018 bieten au\u00dfergew\u00f6hnliche Touren durch T\u00e4ler und \u00fcber H\u00fcgelk\u00e4mme, von denen sich ein herrlicher Blick auf die ber\u00fchmten Weinh\u00e4nge und wundersch\u00f6nen romanischen Kirchen der Gegend er\u00f6ffnet. Um diese Touren genie\u00dfen zu k\u00f6nnen, bedarf es ein wenig an \u00dcbung, da sich die Strecken \u00fcber teilweise steile H\u00fcgelabschnitte winden.<br \/>\nhttp:\/\/www.piemonteciclabile.it\/pagine\/ita\/percorsi\/scheda.lasso?id=30<\/p>\n<p style=\"text-align: justify;\">\u2019Castelli Aperti\u2019 (Tag der offenen T\u00fcr auf Schl\u00f6ssern und Burgen): unz\u00e4hlig sind die Schl\u00f6sser und Burgen, die \u00fcber den so vielen piemontesischen Ortschaften thronen. Die Tenuta Polledro bietet einen idealen Ausgangspunkt f\u00fcr zahlreiche Kurzausfl\u00fcge von gro\u00dfem geschichtlichen und architektonischen Interesse.<br \/>\nhttp:\/\/www.castelliaperti.it\/pagine\/ita\/scheda.lasso?-id=73<\/p>\n<p style=\"text-align: justify;\">\u2019Percorso del romanico\u2018 (Der Weg der Romanik): Das Gebiet vom S\u00fcden des Po bis hin zum Flusse Tanaro ist \u00fcbers\u00e4t von romanischen Kirchen. Heute stehen sie einsam und verlassen auf H\u00fcgeln oder versteckt im Dickicht der W\u00e4lder oder noch auf Friedh\u00f6fen. Im Mittelalter waren sie jedoch Dorfkirchen, der Mittelpunkt des t\u00e4glichen Lebens. Ihre Geschichte wollte, dass sie sich von jener Funktion zu Friedhofskapellen oder Feldkirchen wandelten und trotzdessen, dass ihre anf\u00e4ngliche Bedeutung verloren ging, ist der Charme, der von ihnen ausgeht, nach wie vor unver\u00e4ndert. Im \u201aAlto Astigiano\u2018 finden wir den h\u00f6chsten Ausdruck dieser mittelalterlichen Religiosit\u00e4t: in diesem Gebiet, das von Asti und Turin gut zu erreichen ist, herrschen in einem perfekten Zusammenspiel von Farben und Landschaft die Rebzeilen der Weinst\u00f6cke, die den \u201eguten Tropfen\u201c hervorbringen, sowie eine Reihe von gro\u00dfen oder kleinen, mehr oder minder isolierten Kirchen, in denen sich das Backsteinrot mit dem Sandsteingelb (Naturmaterialien, mit denen sie erbaut wurden) vereint.<br \/>\nDarunter gro\u00df und ber\u00fchmt die Canonica di Santa Maria di Vezzolano, die bereits Mittelpunkt eines bedeutenden Klosterkomplexes war und in einem kleinen Tal nahe der Gemeinde Albugnano gelegen ist. Andere Bauten sind schlichter gehalten und der Gro\u00dfteil ihres Charmes entstammt oft der harmonischen Einf\u00fcgung in eine Landschaft, die der Mensch in seinem jahrhundertelangen Werk des Ackerbaus eingesponnen hat. Erw\u00e4hnenswert, beispielsweise:<\/p>\n<p style=\"text-align: justify;\">in Cortazzone die Chiesa di San Secondo, innen wie au\u00dfen mit symbolischen Skulpturen und Fabelwesen verziert;<br \/>\nin Montechiaro die Chiesa dei Santi Nazario e Celso die an der Seite eines gro\u00dfen Glockenturmes wundersch\u00f6ne chromatische und dekorative Elemente in ihrer Fassade birgt;<br \/>\n\u2018Strade del vino\u2018 (Weinstra\u00dfen):<br \/>\nwww.astesana-stradadelvino.it<\/p>\n<p style=\"text-align: justify;\">\u2018Case Grotta di Mombarone\u2018 (H\u00f6hlenbehausungen von Mombarone): Durchaus typisch f\u00fcr dieses Gebiet ist der Bau von wahrhaftigen H\u00f6hlenbehausungen (sog. \u201cCase Grotta\u201d), die in den sandigen Boden der H\u00fcgel gegraben und ab dem 13. Jhr. bis zur H\u00e4lfte des 19.Jhr. bewohnt wurden. Oft hatten diese sog. \u201eCroutin\u201c eine Fassade aus Ziegelstein, verf\u00fcgten \u00fcber Fenster wie T\u00fcren und bekamen im Innenbereich einen Kalkanstrich. F\u00fcr dieses Gebiet ist ein Wiederaufbauprojekt vorgesehen, das diese interessanten Wege erschlie\u00dfen und neu entdecken soll.<\/p>\n","protected":false},"excerpt":{"rendered":"<p>Golfclub \u201cIl Feudo\u201d: Der Golfliebhaber wird erfreut sein, zu h\u00f6ren, dass sich die Tenuta Polledro weniger als einen Km von dem bekannten Golfclub \u201cIl Feudo\u201d, einer der bedeutendsten Golfanlagen in Norditalien, entfernt befindet. Das Feudo Asti Golf Club bietet spezielle Preise f\u00fcr unsere G\u00e4ste: \u2022 Green Fee 18 L\u00f6cher werktags \u20ac 36,00 (offiziellen Kurs \u20ac&#8230; <\/p>\n<div class=\"clear\"><\/div>\n<p><a href=\"https:\/\/www.agriturismotenutapolledro.it\/de\/serviceleistungen-des-agritourismus\/\" class=\"excerpt-read-more\">Continue Reading<i class=\"fa fa-long-arrow-right icon-long-arrow-right\"><\/i><\/a><\/p>\n","protected":false},"author":1,"featured_media":0,"parent":0,"menu_order":0,"comment_status":"closed","ping_status":"closed","template":"","meta":[],"_links":{"self":[{"href":"https:\/\/www.agriturismotenutapolledro.it\/de\/wp-json\/wp\/v2\/pages\/5184"}],"collection":[{"href":"https:\/\/www.agriturismotenutapolledro.it\/de\/wp-json\/wp\/v2\/pages"}],"about":[{"href":"https:\/\/www.agriturismotenutapolledro.it\/de\/wp-json\/wp\/v2\/types\/page"}],"author":[{"embeddable":true,"href":"https:\/\/www.agriturismotenutapolledro.it\/de\/wp-json\/wp\/v2\/users\/1"}],"replies":[{"embeddable":true,"href":"https:\/\/www.agriturismotenutapolledro.it\/de\/wp-json\/wp\/v2\/comments?post=5184"}],"version-history":[{"count":3,"href":"https:\/\/www.agriturismotenutapolledro.it\/de\/wp-json\/wp\/v2\/pages\/5184\/revisions"}],"predecessor-version":[{"id":5263,"href":"https:\/\/www.agriturismotenutapolledro.it\/de\/wp-json\/wp\/v2\/pages\/5184\/revisions\/5263"}],"wp:attachment":[{"href":"https:\/\/www.agriturismotenutapolledro.it\/de\/wp-json\/wp\/v2\/media?parent=5184"}],"curies":[{"name":"wp","href":"https:\/\/api.w.org\/{rel}","templated":true}]}}